{"id":57,"date":"2025-01-23T13:31:21","date_gmt":"2025-01-23T12:31:21","guid":{"rendered":"https:\/\/bron1.pl\/?page_id=57"},"modified":"2025-01-23T13:43:10","modified_gmt":"2025-01-23T12:43:10","slug":"rusznikarnia","status":"publish","type":"page","link":"https:\/\/bron1.pl\/index.php\/rusznikarnia\/","title":{"rendered":"Rusznikarnia"},"content":{"rendered":"\n<p><\/p>\n\n\n\n<div class=\"wp-block-group alignfull has-background-background-color has-background\" style=\"margin-top:0;margin-bottom:0;padding-top:var(--wp--preset--spacing--60);padding-right:var(--wp--preset--spacing--30);padding-bottom:var(--wp--preset--spacing--60);padding-left:var(--wp--preset--spacing--30)\"><div class=\"wp-block-group__inner-container is-layout-constrained wp-container-core-group-is-layout-cad32e20 wp-block-group-is-layout-constrained\">\n<div class=\"wp-block-group alignwide is-content-justification-center\" style=\"margin-bottom:var(--wp--preset--spacing--50)\"><div class=\"wp-block-group__inner-container is-layout-constrained wp-block-group-is-layout-constrained\">\n<h2 class=\"wp-block-heading has-text-align-center\">Oferujemy us\u0142ugi rusznikarske<\/h2>\n\n\n\n<p class=\"has-text-align-center has-medium-font-size\" style=\"margin-top:16px\"><\/p>\n<\/div><\/div>\n\n\n\n<div class=\"wp-block-columns alignwide is-layout-flex wp-container-core-columns-is-layout-b0e66f64 wp-block-columns-is-layout-flex\">\n<div class=\"wp-block-column is-layout-flow wp-block-column-is-layout-flow\">\n<div class=\"wp-block-columns are-vertically-aligned-center is-not-stacked-on-mobile has-tertiary-background-color has-background is-layout-flex wp-container-core-columns-is-layout-195e6a4c wp-block-columns-is-layout-flex\" style=\"border-radius:1rem;padding-top:20px;padding-right:20px;padding-bottom:20px;padding-left:20px\">\n<div class=\"wp-block-column is-vertically-aligned-center is-layout-flow wp-block-column-is-layout-flow\" style=\"flex-basis:27%\">\n<figure class=\"wp-block-image size-full ext-aspect-landscape is-style-rounded\"><img loading=\"lazy\" decoding=\"async\" width=\"683\" height=\"1024\" src=\"https:\/\/bron1.pl\/wp-content\/uploads\/2025\/01\/strzelec_zielolna_gora_026.jpg\" alt=\"\" class=\"wp-image-31\" style=\"aspect-ratio:1;object-fit:cover\" srcset=\"https:\/\/bron1.pl\/wp-content\/uploads\/2025\/01\/strzelec_zielolna_gora_026.jpg 683w, https:\/\/bron1.pl\/wp-content\/uploads\/2025\/01\/strzelec_zielolna_gora_026-200x300.jpg 200w\" sizes=\"auto, (max-width: 683px) 100vw, 683px\" \/><\/figure>\n<\/div>\n\n\n\n<div class=\"wp-block-column is-vertically-aligned-center is-layout-flow wp-block-column-is-layout-flow\" style=\"flex-basis:66.66%\">\n<div class=\"wp-block-group is-content-justification-space-between is-layout-flex wp-container-core-group-is-layout-6a3cc408 wp-block-group-is-layout-flex\">\n<h3 class=\"wp-block-heading\" style=\"font-size:20px;line-height:1.5\">Serwis<\/h3>\n\n\n\n<h3 class=\"wp-block-heading\" style=\"font-size:20px;line-height:1.5\"><\/h3>\n<\/div>\n\n\n\n<p class=\"has-small-font-size\" style=\"margin-top:12px\">Serwisujemy bro\u0144 paln\u0105 wi\u0119kszo\u015bci \u015bwiatowych marek<\/p>\n<\/div>\n<\/div>\n<\/div>\n\n\n\n<div class=\"wp-block-column is-layout-flow wp-block-column-is-layout-flow\">\n<div class=\"wp-block-columns are-vertically-aligned-center is-not-stacked-on-mobile has-tertiary-background-color has-background is-layout-flex wp-container-core-columns-is-layout-195e6a4c wp-block-columns-is-layout-flex\" style=\"border-radius:1rem;padding-top:20px;padding-right:20px;padding-bottom:20px;padding-left:20px\">\n<div class=\"wp-block-column is-vertically-aligned-center is-layout-flow wp-block-column-is-layout-flow\" style=\"flex-basis:27%\">\n<figure class=\"wp-block-image size-full ext-aspect-landscape is-style-rounded\"><img loading=\"lazy\" decoding=\"async\" width=\"1024\" height=\"683\" src=\"https:\/\/bron1.pl\/wp-content\/uploads\/2025\/01\/strzelec_zielolna_gora_018.jpg\" alt=\"\" class=\"wp-image-23\" style=\"aspect-ratio:1;object-fit:cover\" srcset=\"https:\/\/bron1.pl\/wp-content\/uploads\/2025\/01\/strzelec_zielolna_gora_018.jpg 1024w, https:\/\/bron1.pl\/wp-content\/uploads\/2025\/01\/strzelec_zielolna_gora_018-300x200.jpg 300w, https:\/\/bron1.pl\/wp-content\/uploads\/2025\/01\/strzelec_zielolna_gora_018-768x512.jpg 768w\" sizes=\"auto, (max-width: 1024px) 100vw, 1024px\" \/><\/figure>\n<\/div>\n\n\n\n<div class=\"wp-block-column is-vertically-aligned-center is-layout-flow wp-block-column-is-layout-flow\" style=\"flex-basis:66.66%\">\n<div class=\"wp-block-group is-content-justification-space-between is-layout-flex wp-container-core-group-is-layout-6a3cc408 wp-block-group-is-layout-flex\">\n<h3 class=\"wp-block-heading\" style=\"font-size:20px;line-height:1.5\">Naprawa<\/h3>\n\n\n\n<h3 class=\"wp-block-heading\" style=\"font-size:20px;line-height:1.5\"><\/h3>\n<\/div>\n\n\n\n<p class=\"has-small-font-size\" style=\"margin-top:12px\">Naprawa od prostych modeli broni do najwy\u017cszej p\u00f3\u0142ki \u015bwiatowej.<\/p>\n<\/div>\n<\/div>\n<\/div>\n<\/div>\n\n\n\n<div class=\"wp-block-columns alignwide is-layout-flex wp-container-core-columns-is-layout-b0e66f64 wp-block-columns-is-layout-flex\">\n<div class=\"wp-block-column is-layout-flow wp-block-column-is-layout-flow\">\n<div class=\"wp-block-columns are-vertically-aligned-center is-not-stacked-on-mobile has-tertiary-background-color has-background is-layout-flex wp-container-core-columns-is-layout-96b4860e wp-block-columns-is-layout-flex\" style=\"border-radius:1rem;padding-top:20px;padding-right:20px;padding-bottom:20px;padding-left:20px\">\n<div class=\"wp-block-column is-vertically-aligned-center is-layout-flow wp-block-column-is-layout-flow\" style=\"flex-basis:27%\">\n<figure class=\"wp-block-image size-full ext-aspect-landscape is-style-rounded\"><img loading=\"lazy\" decoding=\"async\" width=\"1024\" height=\"683\" src=\"https:\/\/bron1.pl\/wp-content\/uploads\/2025\/01\/strzelec_zielolna_gora_033.jpg\" alt=\"\" class=\"wp-image-38\" style=\"aspect-ratio:1;object-fit:cover\" srcset=\"https:\/\/bron1.pl\/wp-content\/uploads\/2025\/01\/strzelec_zielolna_gora_033.jpg 1024w, https:\/\/bron1.pl\/wp-content\/uploads\/2025\/01\/strzelec_zielolna_gora_033-300x200.jpg 300w, https:\/\/bron1.pl\/wp-content\/uploads\/2025\/01\/strzelec_zielolna_gora_033-768x512.jpg 768w\" sizes=\"auto, (max-width: 1024px) 100vw, 1024px\" \/><\/figure>\n<\/div>\n\n\n\n<div class=\"wp-block-column is-vertically-aligned-center is-layout-flow wp-block-column-is-layout-flow\" style=\"flex-basis:66.66%\">\n<div class=\"wp-block-group is-content-justification-space-between is-layout-flex wp-container-core-group-is-layout-6a3cc408 wp-block-group-is-layout-flex\">\n<h3 class=\"wp-block-heading\" style=\"font-size:20px;line-height:1.5\">Montowanie optyki<\/h3>\n\n\n\n<h3 class=\"wp-block-heading\" style=\"font-size:20px;line-height:1.5\"><\/h3>\n<\/div>\n\n\n\n<p class=\"has-small-font-size\" style=\"margin-top:12px\">Termowizja, noktowizja, kolimatory, lunety.<\/p>\n<\/div>\n<\/div>\n<\/div>\n\n\n\n<div class=\"wp-block-column is-layout-flow wp-block-column-is-layout-flow\">\n<div class=\"wp-block-columns are-vertically-aligned-center is-not-stacked-on-mobile has-tertiary-background-color has-background is-layout-flex wp-container-core-columns-is-layout-dd806228 wp-block-columns-is-layout-flex\" style=\"border-radius:1rem;padding-top:20px;padding-right:20px;padding-bottom:20px;padding-left:20px\">\n<div class=\"wp-block-column is-vertically-aligned-center is-layout-flow wp-block-column-is-layout-flow\" style=\"flex-basis:27%\">\n<figure class=\"wp-block-image size-full ext-aspect-landscape is-style-rounded\"><img loading=\"lazy\" decoding=\"async\" width=\"1024\" height=\"683\" src=\"https:\/\/bron1.pl\/wp-content\/uploads\/2025\/01\/strzelec_zielolna_gora_017.jpg\" alt=\"\" class=\"wp-image-22\" style=\"aspect-ratio:1;object-fit:cover\" srcset=\"https:\/\/bron1.pl\/wp-content\/uploads\/2025\/01\/strzelec_zielolna_gora_017.jpg 1024w, https:\/\/bron1.pl\/wp-content\/uploads\/2025\/01\/strzelec_zielolna_gora_017-300x200.jpg 300w, https:\/\/bron1.pl\/wp-content\/uploads\/2025\/01\/strzelec_zielolna_gora_017-768x512.jpg 768w\" sizes=\"auto, (max-width: 1024px) 100vw, 1024px\" \/><\/figure>\n<\/div>\n\n\n\n<div class=\"wp-block-column is-vertically-aligned-center is-layout-flow wp-block-column-is-layout-flow\" style=\"flex-basis:66.66%\">\n<div class=\"wp-block-group is-content-justification-space-between is-layout-flex wp-container-core-group-is-layout-6a3cc408 wp-block-group-is-layout-flex\">\n<h3 class=\"wp-block-heading\" style=\"font-size:20px;line-height:1.5\">Przystrzeliwanie<\/h3>\n\n\n\n<h3 class=\"wp-block-heading\" style=\"font-size:20px;line-height:1.5\"><\/h3>\n<\/div>\n\n\n\n<p class=\"has-small-font-size\" style=\"margin-top:12px\">Przystrzeliwanie broni z dopasowaniem amunicji.<\/p>\n<\/div>\n<\/div>\n<\/div>\n<\/div>\n<\/div><\/div>\n","protected":false},"excerpt":{"rendered":"<p>Oferujemy us\u0142ugi rusznikarske Serwis Serwisujemy bro\u0144 paln\u0105 wi\u0119kszo\u015bci \u015bwiatowych marek Naprawa Naprawa od prostych modeli broni do najwy\u017cszej p\u00f3\u0142ki \u015bwiatowej. Montowanie optyki Termowizja, noktowizja, kolimatory, lunety. Przystrzeliwanie Przystrzeliwanie broni z dopasowaniem amunicji.<\/p>\n","protected":false},"author":3,"featured_media":0,"parent":0,"menu_order":0,"comment_status":"closed","ping_status":"closed","template":"","meta":{"neve_meta_sidebar":"","neve_meta_container":"","neve_meta_enable_content_width":"","neve_meta_content_width":0,"neve_meta_title_alignment":"","neve_meta_author_avatar":"","neve_post_elements_order":"","neve_meta_disable_header":"","neve_meta_disable_footer":"","neve_meta_disable_title":"","footnotes":""},"class_list":["post-57","page","type-page","status-publish","hentry"],"_links":{"self":[{"href":"https:\/\/bron1.pl\/index.php\/wp-json\/wp\/v2\/pages\/57","targetHints":{"allow":["GET"]}}],"collection":[{"href":"https:\/\/bron1.pl\/index.php\/wp-json\/wp\/v2\/pages"}],"about":[{"href":"https:\/\/bron1.pl\/index.php\/wp-json\/wp\/v2\/types\/page"}],"author":[{"embeddable":true,"href":"https:\/\/bron1.pl\/index.php\/wp-json\/wp\/v2\/users\/3"}],"replies":[{"embeddable":true,"href":"https:\/\/bron1.pl\/index.php\/wp-json\/wp\/v2\/comments?post=57"}],"version-history":[{"count":3,"href":"https:\/\/bron1.pl\/index.php\/wp-json\/wp\/v2\/pages\/57\/revisions"}],"predecessor-version":[{"id":67,"href":"https:\/\/bron1.pl\/index.php\/wp-json\/wp\/v2\/pages\/57\/revisions\/67"}],"wp:attachment":[{"href":"https:\/\/bron1.pl\/index.php\/wp-json\/wp\/v2\/media?parent=57"}],"curies":[{"name":"wp","href":"https:\/\/api.w.org\/{rel}","templated":true}]}}