{"id":55,"date":"2025-01-23T13:20:17","date_gmt":"2025-01-23T12:20:17","guid":{"rendered":"https:\/\/bron1.pl\/?page_id=55"},"modified":"2025-02-01T00:29:08","modified_gmt":"2025-01-31T23:29:08","slug":"o-firmie","status":"publish","type":"page","link":"https:\/\/bron1.pl\/index.php\/o-firmie\/","title":{"rendered":"O firmie"},"content":{"rendered":"\n<p><\/p>\n\n\n\n<div class=\"wp-block-group alignfull has-background-background-color has-background\" style=\"margin-top:0;margin-bottom:0;padding-top:var(--wp--preset--spacing--60);padding-right:var(--wp--preset--spacing--30);padding-bottom:var(--wp--preset--spacing--60);padding-left:var(--wp--preset--spacing--30)\"><div class=\"wp-block-group__inner-container is-layout-constrained wp-container-core-group-is-layout-392eb801 wp-block-group-is-layout-constrained\">\n<div class=\"wp-block-columns alignwide are-vertically-aligned-center is-layout-flex wp-container-core-columns-is-layout-30f78326 wp-block-columns-is-layout-flex\">\n<div class=\"wp-block-column is-vertically-aligned-center is-layout-flow wp-block-column-is-layout-flow\" style=\"flex-basis:60%\">\n<h2 class=\"wp-block-heading has-text-align-left has-large-font-size\">Za\u0142o\u017cyli\u015bmy firm\u0119 w 1998 roku<\/h2>\n\n\n\n<p><\/p>\n\n\n\n<p>Zajmujemy si\u0119 sprzeda\u017c\u0105 broni i amunicji wi\u0119kszo\u015bci marek. Oferujemy optyk\u0119, w tym lunety, noktowizory, termowizory oraz kolimatory. Montujemy optyk\u0119 na broni, przystrzeliwujemy, a tak\u017ce dobieramy amunicj\u0119 do lufy. \u015awiadczymy us\u0142ugi rusznikarskie, zar\u00f3wno te proste, jak i zaawansowane. Prowadzimy r\u00f3wnie\u017c szkolenia z zakresu pos\u0142ugiwania si\u0119 broni\u0105.<\/p>\n\n\n\n<p>Wspieramy zawodniczki i zawodnik\u00f3w uprawiaj\u0105cych strzelectwo wyczynowe w zakresie modyfikacji, naprawy i serwisu.<\/p>\n\n\n\n<p style=\"margin-top:16px\"><\/p>\n<\/div>\n\n\n\n<div class=\"wp-block-column is-vertically-aligned-center is-layout-flow wp-block-column-is-layout-flow\" style=\"flex-basis:50%\">\n<figure class=\"wp-block-image size-full\"><img loading=\"lazy\" decoding=\"async\" width=\"1024\" height=\"683\" src=\"https:\/\/bron1.pl\/wp-content\/uploads\/2025\/01\/strzelec_zielolna_gora_001.jpg\" alt=\"\" class=\"wp-image-39\" style=\"aspect-ratio:4\/3;object-fit:cover\" srcset=\"https:\/\/bron1.pl\/wp-content\/uploads\/2025\/01\/strzelec_zielolna_gora_001.jpg 1024w, https:\/\/bron1.pl\/wp-content\/uploads\/2025\/01\/strzelec_zielolna_gora_001-300x200.jpg 300w, https:\/\/bron1.pl\/wp-content\/uploads\/2025\/01\/strzelec_zielolna_gora_001-768x512.jpg 768w\" sizes=\"auto, (max-width: 1024px) 100vw, 1024px\" \/><\/figure>\n<\/div>\n<\/div>\n<\/div><\/div>\n","protected":false},"excerpt":{"rendered":"<p>Za\u0142o\u017cyli\u015bmy firm\u0119 w 1998 roku Zajmujemy si\u0119 sprzeda\u017c\u0105 broni i amunicji wi\u0119kszo\u015bci marek. Oferujemy optyk\u0119, w tym lunety, noktowizory, termowizory oraz kolimatory. Montujemy optyk\u0119 na broni, przystrzeliwujemy, a tak\u017ce dobieramy amunicj\u0119 do lufy. \u015awiadczymy us\u0142ugi rusznikarskie, zar\u00f3wno te proste, jak i zaawansowane. Prowadzimy r\u00f3wnie\u017c szkolenia z zakresu pos\u0142ugiwania si\u0119 broni\u0105. Wspieramy zawodniczki i zawodnik\u00f3w uprawiaj\u0105cych&hellip;&nbsp;<a href=\"https:\/\/bron1.pl\/index.php\/o-firmie\/\" rel=\"bookmark\">Dowiedz si\u0119 wi\u0119cej &raquo;<span class=\"screen-reader-text\">O firmie<\/span><\/a><\/p>\n","protected":false},"author":3,"featured_media":0,"parent":0,"menu_order":0,"comment_status":"closed","ping_status":"closed","template":"","meta":{"neve_meta_sidebar":"","neve_meta_container":"","neve_meta_enable_content_width":"","neve_meta_content_width":0,"neve_meta_title_alignment":"","neve_meta_author_avatar":"","neve_post_elements_order":"","neve_meta_disable_header":"","neve_meta_disable_footer":"","neve_meta_disable_title":"","footnotes":""},"class_list":["post-55","page","type-page","status-publish","hentry"],"_links":{"self":[{"href":"https:\/\/bron1.pl\/index.php\/wp-json\/wp\/v2\/pages\/55","targetHints":{"allow":["GET"]}}],"collection":[{"href":"https:\/\/bron1.pl\/index.php\/wp-json\/wp\/v2\/pages"}],"about":[{"href":"https:\/\/bron1.pl\/index.php\/wp-json\/wp\/v2\/types\/page"}],"author":[{"embeddable":true,"href":"https:\/\/bron1.pl\/index.php\/wp-json\/wp\/v2\/users\/3"}],"replies":[{"embeddable":true,"href":"https:\/\/bron1.pl\/index.php\/wp-json\/wp\/v2\/comments?post=55"}],"version-history":[{"count":4,"href":"https:\/\/bron1.pl\/index.php\/wp-json\/wp\/v2\/pages\/55\/revisions"}],"predecessor-version":[{"id":413,"href":"https:\/\/bron1.pl\/index.php\/wp-json\/wp\/v2\/pages\/55\/revisions\/413"}],"wp:attachment":[{"href":"https:\/\/bron1.pl\/index.php\/wp-json\/wp\/v2\/media?parent=55"}],"curies":[{"name":"wp","href":"https:\/\/api.w.org\/{rel}","templated":true}]}}